{"id":9163,"date":"2024-07-29T16:47:12","date_gmt":"2024-07-29T19:47:12","guid":{"rendered":"https:\/\/woofi-b2b.homolog.tech\/esim\/"},"modified":"2024-08-22T20:16:55","modified_gmt":"2024-08-22T23:16:55","slug":"esim","status":"publish","type":"page","link":"https:\/\/woo-fi.com\/es\/esim\/","title":{"rendered":"eSIM"},"content":{"rendered":"\t\t<div data-elementor-type=\"wp-page\" data-elementor-id=\"9163\" class=\"elementor elementor-9163 elementor-7462\" data-elementor-post-type=\"page\">\n\t\t\t\t\t\t<section class=\"elementor-section elementor-top-section elementor-element elementor-element-d9f7dc7 elementor-section-content-middle elementor-section-boxed elementor-section-height-default elementor-section-height-default\" data-id=\"d9f7dc7\" data-element_type=\"section\">\n\t\t\t\t\t\t<div class=\"elementor-container elementor-column-gap-default\">\n\t\t\t\t\t<div class=\"elementor-column elementor-col-33 elementor-top-column elementor-element elementor-element-c24737b\" data-id=\"c24737b\" data-element_type=\"column\">\n\t\t\t<div class=\"elementor-widget-wrap elementor-element-populated\">\n\t\t\t\t\t\t<div class=\"elementor-element elementor-element-5b5b8c8 elementor-invisible elementor-widget elementor-widget-nioland-title-v1\" data-id=\"5b5b8c8\" data-element_type=\"widget\" data-settings=\"{&quot;_animation&quot;:&quot;fadeInUp&quot;}\" data-widget_type=\"nioland-title-v1.default\">\n\t\t\t\t<div class=\"elementor-widget-container\">\n\t\t\t\r\n                    <div class=\"section_title type_one\">\r\n                            <div class=\"overline-title\"> eSIM\n<\/div>\r\n                                        <div class=\"title_whole position-relative\">\r\n                                            <h2 class=\"title\">\r\n                                                    <span>eSIM<\/span> conecta tus dispositivos<\/br> IIoT y roaming al mundo<\/br>  \ncon datos globales.                                                    <\/h2>\r\n                                     \r\n                <\/div>\r\n                                        <p class=\"lead\"> Descubre el futuro del IoT y la itinerancia con la eSIM de Woofi. Nuestra tecnolog\u00eda ofrece una conectividad global sin interrupciones para sus clientes, lo que garantiza una experiencia perfecta.<\/p>\r\n                    <\/div>\r\n                    \t\t<\/div>\n\t\t\t\t<\/div>\n\t\t\t\t<section class=\"elementor-section elementor-inner-section elementor-element elementor-element-f051ea8 elementor-section-boxed elementor-section-height-default elementor-section-height-default\" data-id=\"f051ea8\" data-element_type=\"section\">\n\t\t\t\t\t\t<div class=\"elementor-container elementor-column-gap-no\">\n\t\t\t\t\t<div class=\"elementor-column elementor-col-100 elementor-inner-column elementor-element elementor-element-f007623\" data-id=\"f007623\" data-element_type=\"column\">\n\t\t\t<div class=\"elementor-widget-wrap elementor-element-populated\">\n\t\t\t\t\t\t<div class=\"elementor-element elementor-element-8708b1f elementor-invisible elementor-widget elementor-widget-nioland-themebtns-v1\" data-id=\"8708b1f\" data-element_type=\"widget\" data-settings=\"{&quot;_animation&quot;:&quot;fadeInUp&quot;}\" data-widget_type=\"nioland-themebtns-v1.default\">\n\t\t\t\t<div class=\"elementor-widget-container\">\n\t\t\t  \r\n         \r\n            <div class=\"theme_btn_all\">\r\n            <a href=\"https:\/\/woo-fi.com\/es\/contacta-con-nosotros\/\"    rel=&quot;nofollow&quot; class=\"theme_btn\">\r\n            \t\r\n              Cont\u00e1ctenos                              \t\r\n                            \t\r\n            <\/a>\r\n        <\/div>\r\n\r\n\r\n        \t\t<\/div>\n\t\t\t\t<\/div>\n\t\t\t\t\t<\/div>\n\t\t<\/div>\n\t\t\t\t\t<\/div>\n\t\t<\/section>\n\t\t\t\t\t<\/div>\n\t\t<\/div>\n\t\t\t\t<div class=\"elementor-column elementor-col-33 elementor-top-column elementor-element elementor-element-1b2bced elementor-hidden-mobile\" data-id=\"1b2bced\" data-element_type=\"column\">\n\t\t\t<div class=\"elementor-widget-wrap\">\n\t\t\t\t\t\t\t<\/div>\n\t\t<\/div>\n\t\t\t\t<div class=\"elementor-column elementor-col-33 elementor-top-column elementor-element elementor-element-71d0f3d\" data-id=\"71d0f3d\" data-element_type=\"column\">\n\t\t\t<div class=\"elementor-widget-wrap elementor-element-populated\">\n\t\t\t\t\t\t<div class=\"elementor-element elementor-element-04102ad elementor-invisible elementor-widget elementor-widget-image\" data-id=\"04102ad\" data-element_type=\"widget\" data-settings=\"{&quot;_animation&quot;:&quot;fadeInRight&quot;}\" data-widget_type=\"image.default\">\n\t\t\t\t<div class=\"elementor-widget-container\">\n\t\t\t<style>\/*! elementor - v3.23.0 - 05-08-2024 *\/\n.elementor-widget-image{text-align:center}.elementor-widget-image a{display:inline-block}.elementor-widget-image a img[src$=\".svg\"]{width:48px}.elementor-widget-image img{vertical-align:middle;display:inline-block}<\/style>\t\t\t\t\t\t\t\t\t\t<img fetchpriority=\"high\" decoding=\"async\" width=\"1024\" height=\"1024\" src=\"https:\/\/i0.wp.com\/woo-fi.com\/wp-content\/uploads\/2024\/08\/positive-emotions-close-up-young-good-looking-dark-skinned-male-with-afro-hairstyle-white-t-shirt-red-shirt-smiling-with-teeth-chatting-with-friend-smartphone.png?fit=1024%2C1024&amp;quality=80&amp;ssl=1\" class=\"attachment-large size-large wp-image-9786\" alt=\"\" srcset=\"https:\/\/i0.wp.com\/woo-fi.com\/wp-content\/uploads\/2024\/08\/positive-emotions-close-up-young-good-looking-dark-skinned-male-with-afro-hairstyle-white-t-shirt-red-shirt-smiling-with-teeth-chatting-with-friend-smartphone.png?w=5035&amp;quality=80&amp;ssl=1 5035w, https:\/\/i0.wp.com\/woo-fi.com\/wp-content\/uploads\/2024\/08\/positive-emotions-close-up-young-good-looking-dark-skinned-male-with-afro-hairstyle-white-t-shirt-red-shirt-smiling-with-teeth-chatting-with-friend-smartphone.png?resize=300%2C300&amp;quality=80&amp;ssl=1 300w, https:\/\/i0.wp.com\/woo-fi.com\/wp-content\/uploads\/2024\/08\/positive-emotions-close-up-young-good-looking-dark-skinned-male-with-afro-hairstyle-white-t-shirt-red-shirt-smiling-with-teeth-chatting-with-friend-smartphone.png?resize=1024%2C1024&amp;quality=80&amp;ssl=1 1024w, https:\/\/i0.wp.com\/woo-fi.com\/wp-content\/uploads\/2024\/08\/positive-emotions-close-up-young-good-looking-dark-skinned-male-with-afro-hairstyle-white-t-shirt-red-shirt-smiling-with-teeth-chatting-with-friend-smartphone.png?resize=150%2C150&amp;quality=80&amp;ssl=1 150w, https:\/\/i0.wp.com\/woo-fi.com\/wp-content\/uploads\/2024\/08\/positive-emotions-close-up-young-good-looking-dark-skinned-male-with-afro-hairstyle-white-t-shirt-red-shirt-smiling-with-teeth-chatting-with-friend-smartphone.png?resize=768%2C768&amp;quality=80&amp;ssl=1 768w, https:\/\/i0.wp.com\/woo-fi.com\/wp-content\/uploads\/2024\/08\/positive-emotions-close-up-young-good-looking-dark-skinned-male-with-afro-hairstyle-white-t-shirt-red-shirt-smiling-with-teeth-chatting-with-friend-smartphone.png?resize=1536%2C1536&amp;quality=80&amp;ssl=1 1536w, https:\/\/i0.wp.com\/woo-fi.com\/wp-content\/uploads\/2024\/08\/positive-emotions-close-up-young-good-looking-dark-skinned-male-with-afro-hairstyle-white-t-shirt-red-shirt-smiling-with-teeth-chatting-with-friend-smartphone.png?resize=2048%2C2048&amp;quality=80&amp;ssl=1 2048w, https:\/\/i0.wp.com\/woo-fi.com\/wp-content\/uploads\/2024\/08\/positive-emotions-close-up-young-good-looking-dark-skinned-male-with-afro-hairstyle-white-t-shirt-red-shirt-smiling-with-teeth-chatting-with-friend-smartphone.png?resize=600%2C600&amp;quality=80&amp;ssl=1 600w, https:\/\/i0.wp.com\/woo-fi.com\/wp-content\/uploads\/2024\/08\/positive-emotions-close-up-young-good-looking-dark-skinned-male-with-afro-hairstyle-white-t-shirt-red-shirt-smiling-with-teeth-chatting-with-friend-smartphone.png?resize=100%2C100&amp;quality=80&amp;ssl=1 100w, https:\/\/i0.wp.com\/woo-fi.com\/wp-content\/uploads\/2024\/08\/positive-emotions-close-up-young-good-looking-dark-skinned-male-with-afro-hairstyle-white-t-shirt-red-shirt-smiling-with-teeth-chatting-with-friend-smartphone.png?w=2160&amp;quality=80&amp;ssl=1 2160w, https:\/\/i0.wp.com\/woo-fi.com\/wp-content\/uploads\/2024\/08\/positive-emotions-close-up-young-good-looking-dark-skinned-male-with-afro-hairstyle-white-t-shirt-red-shirt-smiling-with-teeth-chatting-with-friend-smartphone.png?w=3240&amp;quality=80&amp;ssl=1 3240w\" sizes=\"(max-width: 1024px) 100vw, 1024px\" \/>\t\t\t\t\t\t\t\t\t\t\t\t\t<\/div>\n\t\t\t\t<\/div>\n\t\t\t\t\t<\/div>\n\t\t<\/div>\n\t\t\t\t\t<\/div>\n\t\t<\/section>\n\t\t\t\t<section class=\"elementor-section elementor-top-section elementor-element elementor-element-bb6105c elementor-section-boxed elementor-section-height-default elementor-section-height-default\" data-id=\"bb6105c\" data-element_type=\"section\">\n\t\t\t\t\t\t<div class=\"elementor-container elementor-column-gap-default\">\n\t\t\t\t\t<div class=\"elementor-column elementor-col-50 elementor-top-column elementor-element elementor-element-0475325\" data-id=\"0475325\" data-element_type=\"column\">\n\t\t\t<div class=\"elementor-widget-wrap elementor-element-populated\">\n\t\t\t\t\t\t<div class=\"elementor-element elementor-element-f3e4969 elementor-widget elementor-widget-nioland-title-v1\" data-id=\"f3e4969\" data-element_type=\"widget\" data-widget_type=\"nioland-title-v1.default\">\n\t\t\t\t<div class=\"elementor-widget-container\">\n\t\t\t\r\n                    <div class=\"section_title type_one\">\r\n                            <div class=\"overline-title\"> FAQ\n<\/div>\r\n                                        <div class=\"title_whole position-relative\">\r\n                                            <h2 class=\"title\">\r\n                                                    Preguntas m\u00e1s frecuentes                                                    <\/h2>\r\n                                     \r\n                <\/div>\r\n                                        <p class=\"lead\"> \nDescubre todo lo que necesitas saber sobre nuestro producto o servicio en nuestra detallada secci\u00f3n de preguntas frecuentes. Aqu\u00ed encontrar\u00e1 respuestas a las preguntas m\u00e1s comunes de forma r\u00e1pida y clara.<\/p>\r\n                    <\/div>\r\n                    \t\t<\/div>\n\t\t\t\t<\/div>\n\t\t\t\t\t<\/div>\n\t\t<\/div>\n\t\t\t\t<div class=\"elementor-column elementor-col-50 elementor-top-column elementor-element elementor-element-4641d36\" data-id=\"4641d36\" data-element_type=\"column\">\n\t\t\t<div class=\"elementor-widget-wrap elementor-element-populated\">\n\t\t\t\t\t\t<div class=\"elementor-element elementor-element-1332de6 elementor-widget elementor-widget-nioland-faqs-v1\" data-id=\"1332de6\" data-element_type=\"widget\" data-widget_type=\"nioland-faqs-v1.default\">\n\t\t\t\t<div class=\"elementor-widget-container\">\n\t\t\t \r\n<section class=\"block_faq style_one border_bottom_disable\"> \r\n    <div class=\"accordion-box\">\r\n                <div class=\"accordion trans active-block\">\r\n            <div\r\n                class=\"question faq_header active\">\r\n                <div class=\"question_box \">\r\n                    <div class=\"title_no_a_20 trans\">\r\n                        01 - Integraci\u00f3n sin fisuras                    <\/div>\r\n                    <span class=\"icon_fq trans  ni-arrow-down-circle\"><\/span>\r\n                <\/div>\r\n            <\/div>\r\n            <div\r\n                class=\"answer accordion-content current\">\r\n                La f\u00e1cil integraci\u00f3n acelera su implementaci\u00f3n, lo que le permite llegar al mercado m\u00e1s r\u00e1pido. Con\u00e9ctate globalmente con las mejores tarifas y una cobertura integral.            <\/div>\r\n        <\/div>\r\n                <div class=\"accordion trans\">\r\n            <div\r\n                class=\"question faq_header\">\r\n                <div class=\"question_box \">\r\n                    <div class=\"title_no_a_20 trans\">\r\n                        02 - Conectividad r\u00e1pida con selecci\u00f3n de red inteligente                    <\/div>\r\n                    <span class=\"icon_fq trans  ni-arrow-down-circle\"><\/span>\r\n                <\/div>\r\n            <\/div>\r\n            <div\r\n                class=\"answer accordion-content\">\r\n                Woofi garantiza una transmisi\u00f3n de datos \u00e1gil con cada eSIM configurada. Nuestra selecci\u00f3n de red inteligente conecta autom\u00e1ticamente sus eSIM a la mejor red disponible, lo que garantiza una conexi\u00f3n estable y sin problemas.\n            <\/div>\r\n        <\/div>\r\n                <div class=\"accordion trans\">\r\n            <div\r\n                class=\"question faq_header\">\r\n                <div class=\"question_box \">\r\n                    <div class=\"title_no_a_20 trans\">\r\n                        03 - Gesti\u00f3n Centralizada de la Nube                    <\/div>\r\n                    <span class=\"icon_fq trans  ni-arrow-down-circle\"><\/span>\r\n                <\/div>\r\n            <\/div>\r\n            <div\r\n                class=\"answer accordion-content\">\r\n                Optimiza la gesti\u00f3n de eSIM con nuestra plataforma centralizada en la nube.Con herramientas avanzadas de monitoreo y an\u00e1lisis en tiempo real, Woofi facilita la administraci\u00f3n y la toma de decisiones basadas en datos para mejorar el rendimiento.\n            <\/div>\r\n        <\/div>\r\n                <div class=\"accordion trans\">\r\n            <div\r\n                class=\"question faq_header\">\r\n                <div class=\"question_box \">\r\n                    <div class=\"title_no_a_20 trans\">\r\n                        04 - Conectividad Celular Global Integrada                    <\/div>\r\n                    <span class=\"icon_fq trans  ni-arrow-down-circle\"><\/span>\r\n                <\/div>\r\n            <\/div>\r\n            <div\r\n                class=\"answer accordion-content\">\r\n                Con un \u00fanico perfil de eSIM que ofrece acceso a m\u00faltiples MNO, Woofi proporciona conectividad celular global integrada. Obtenga acceso a datos en m\u00e1s de 165 pa\u00edses y territorios de todo el mundo.\n            <\/div>\r\n        <\/div>\r\n                <div class=\"accordion trans\">\r\n            <div\r\n                class=\"question faq_header\">\r\n                <div class=\"question_box \">\r\n                    <div class=\"title_no_a_20 trans\">\r\n                        05 -  Cobertura global 5G\/LTE-M superior                    <\/div>\r\n                    <span class=\"icon_fq trans  ni-arrow-down-circle\"><\/span>\r\n                <\/div>\r\n            <\/div>\r\n            <div\r\n                class=\"answer accordion-content\">\r\n                Ofrece a tus clientes la cobertura 5G\/LTE-M m\u00e1s amplia con Woofi. Garantizamos una conectividad fiable y de alta velocidad en cualquier parte del mundo, dondequiera que se desplieguen las eSIM.            <\/div>\r\n        <\/div>\r\n                <div class=\"accordion trans\">\r\n            <div\r\n                class=\"question faq_header\">\r\n                <div class=\"question_box \">\r\n                    <div class=\"title_no_a_20 trans\">\r\n                        06 - Soporte 24\/7                    <\/div>\r\n                    <span class=\"icon_fq trans ni-arrow-down-circle\"><\/span>\r\n                <\/div>\r\n            <\/div>\r\n            <div\r\n                class=\"answer accordion-content\">\r\n                Nuestro equipo de expertos est\u00e1 disponible las 24 horas del d\u00eda para ofrecer un soporte completo siempre que usted o sus clientes lo necesiten.            <\/div>\r\n        <\/div>\r\n                <div class=\"accordion trans\">\r\n            <div\r\n                class=\"question faq_header\">\r\n                <div class=\"question_box \">\r\n                    <div class=\"title_no_a_20 trans\">\r\n                        07 - Ingresos Recurrentes Sin Inversi\u00f3n Inicial                    <\/div>\r\n                    <span class=\"icon_fq trans ni-arrow-down-circle\"><\/span>\r\n                <\/div>\r\n            <\/div>\r\n            <div\r\n                class=\"answer accordion-content\">\r\n                Aumenta tu flujo de ingresos con la eSIM de Woofi ofreciendo servicios de IoT y roaming fiables y fluidos. Aumente sus ingresos sin necesidad de gastos de capital (CapEx) para la implementaci\u00f3n.            <\/div>\r\n        <\/div>\r\n            <\/div>\r\n<\/section> \r\n\r\n\r\n\t\t<\/div>\n\t\t\t\t<\/div>\n\t\t\t\t\t<\/div>\n\t\t<\/div>\n\t\t\t\t\t<\/div>\n\t\t<\/section>\n\t\t\t\t<\/div>\n\t\t","protected":false},"excerpt":{"rendered":"<p>eSIM eSIM conecta tus dispositivos IIoT y roaming al mundo con datos globales. Descubre el futuro del IoT y la itinerancia con la eSIM de Woofi. Nuestra tecnolog\u00eda ofrece una conectividad global sin interrupciones para sus clientes, lo que garantiza una experiencia perfecta. Cont\u00e1ctenos FAQ Preguntas m\u00e1s frecuentes Descubre todo lo que necesitas saber sobre [&hellip;]<\/p>\n","protected":false},"author":4,"featured_media":0,"parent":0,"menu_order":0,"comment_status":"closed","ping_status":"closed","template":"template-homepage.php","meta":{"footnotes":""},"class_list":["post-9163","page","type-page","status-publish","hentry"],"yoast_head":"<!-- This site is optimized with the Yoast SEO plugin v23.3 - https:\/\/yoast.com\/wordpress\/plugins\/seo\/ -->\n<title>eSIM - Woo-fi<\/title>\n<meta name=\"robots\" content=\"index, follow, max-snippet:-1, max-image-preview:large, max-video-preview:-1\" \/>\n<link rel=\"canonical\" href=\"https:\/\/woo-fi.com\/es\/esim\/\" \/>\n<meta property=\"og:locale\" content=\"es_ES\" \/>\n<meta property=\"og:type\" content=\"article\" \/>\n<meta property=\"og:title\" content=\"eSIM - Woo-fi\" \/>\n<meta property=\"og:description\" content=\"eSIM eSIM conecta tus dispositivos IIoT y roaming al mundo con datos globales. Descubre el futuro del IoT y la itinerancia con la eSIM de Woofi. Nuestra tecnolog\u00eda ofrece una conectividad global sin interrupciones para sus clientes, lo que garantiza una experiencia perfecta. Cont\u00e1ctenos FAQ Preguntas m\u00e1s frecuentes Descubre todo lo que necesitas saber sobre [&hellip;]\" \/>\n<meta property=\"og:url\" content=\"https:\/\/woo-fi.com\/es\/esim\/\" \/>\n<meta property=\"og:site_name\" content=\"Woo-fi\" \/>\n<meta property=\"article:publisher\" content=\"https:\/\/www.facebook.com\/woofimobile\" \/>\n<meta property=\"article:modified_time\" content=\"2024-08-22T23:16:55+00:00\" \/>\n<meta property=\"og:image\" content=\"https:\/\/woofib2b.homolog.tech\/wp-content\/uploads\/2024\/08\/positive-emotions-close-up-young-good-looking-dark-skinned-male-with-afro-hairstyle-white-t-shirt-red-shirt-smiling-with-teeth-chatting-with-friend-smartphone-1024x1024.png\" \/>\n<meta name=\"twitter:card\" content=\"summary_large_image\" \/>\n<meta name=\"twitter:label1\" content=\"Tiempo de lectura\" \/>\n\t<meta name=\"twitter:data1\" content=\"2 minutos\" \/>\n<script type=\"application\/ld+json\" class=\"yoast-schema-graph\">{\"@context\":\"https:\/\/schema.org\",\"@graph\":[{\"@type\":\"WebPage\",\"@id\":\"https:\/\/woo-fi.com\/es\/esim\/\",\"url\":\"https:\/\/woo-fi.com\/es\/esim\/\",\"name\":\"eSIM - Woo-fi\",\"isPartOf\":{\"@id\":\"https:\/\/woo-fi.com\/es\/#website\"},\"primaryImageOfPage\":{\"@id\":\"https:\/\/woo-fi.com\/es\/esim\/#primaryimage\"},\"image\":{\"@id\":\"https:\/\/woo-fi.com\/es\/esim\/#primaryimage\"},\"thumbnailUrl\":\"https:\/\/woofib2b.homolog.tech\/wp-content\/uploads\/2024\/08\/positive-emotions-close-up-young-good-looking-dark-skinned-male-with-afro-hairstyle-white-t-shirt-red-shirt-smiling-with-teeth-chatting-with-friend-smartphone-1024x1024.png\",\"datePublished\":\"2024-07-29T19:47:12+00:00\",\"dateModified\":\"2024-08-22T23:16:55+00:00\",\"breadcrumb\":{\"@id\":\"https:\/\/woo-fi.com\/es\/esim\/#breadcrumb\"},\"inLanguage\":\"es\",\"potentialAction\":[{\"@type\":\"ReadAction\",\"target\":[\"https:\/\/woo-fi.com\/es\/esim\/\"]}]},{\"@type\":\"ImageObject\",\"inLanguage\":\"es\",\"@id\":\"https:\/\/woo-fi.com\/es\/esim\/#primaryimage\",\"url\":\"https:\/\/woofib2b.homolog.tech\/wp-content\/uploads\/2024\/08\/positive-emotions-close-up-young-good-looking-dark-skinned-male-with-afro-hairstyle-white-t-shirt-red-shirt-smiling-with-teeth-chatting-with-friend-smartphone-1024x1024.png\",\"contentUrl\":\"https:\/\/woofib2b.homolog.tech\/wp-content\/uploads\/2024\/08\/positive-emotions-close-up-young-good-looking-dark-skinned-male-with-afro-hairstyle-white-t-shirt-red-shirt-smiling-with-teeth-chatting-with-friend-smartphone-1024x1024.png\"},{\"@type\":\"BreadcrumbList\",\"@id\":\"https:\/\/woo-fi.com\/es\/esim\/#breadcrumb\",\"itemListElement\":[{\"@type\":\"ListItem\",\"position\":1,\"name\":\"In\u00edcio\",\"item\":\"https:\/\/woo-fi.com\/es\/\"},{\"@type\":\"ListItem\",\"position\":2,\"name\":\"eSIM\"}]},{\"@type\":\"WebSite\",\"@id\":\"https:\/\/woo-fi.com\/es\/#website\",\"url\":\"https:\/\/woo-fi.com\/es\/\",\"name\":\"Woo-fi Bussines\",\"description\":\"Plataforma Global de Conectividade M\u00f3vel\",\"publisher\":{\"@id\":\"https:\/\/woo-fi.com\/es\/#organization\"},\"alternateName\":\"Woo-fi Bussines\",\"potentialAction\":[{\"@type\":\"SearchAction\",\"target\":{\"@type\":\"EntryPoint\",\"urlTemplate\":\"https:\/\/woo-fi.com\/es\/?s={search_term_string}\"},\"query-input\":\"required name=search_term_string\"}],\"inLanguage\":\"es\"},{\"@type\":\"Organization\",\"@id\":\"https:\/\/woo-fi.com\/es\/#organization\",\"name\":\"Woofi Bussines\",\"url\":\"https:\/\/woo-fi.com\/es\/\",\"logo\":{\"@type\":\"ImageObject\",\"inLanguage\":\"es\",\"@id\":\"https:\/\/woo-fi.com\/es\/#\/schema\/logo\/image\/\",\"url\":\"https:\/\/cdn.woo-fi.com\/wp-content\/uploads\/2023\/08\/Prancheta-1-copia-3-1.png?strip=all&lossy=1&ssl=1\",\"contentUrl\":\"https:\/\/cdn.woo-fi.com\/wp-content\/uploads\/2023\/08\/Prancheta-1-copia-3-1.png?strip=all&lossy=1&ssl=1\",\"width\":1070,\"height\":345,\"caption\":\"Woofi Bussines\"},\"image\":{\"@id\":\"https:\/\/woo-fi.com\/es\/#\/schema\/logo\/image\/\"},\"sameAs\":[\"https:\/\/www.facebook.com\/woofimobile\",\"https:\/\/www.instagram.com\/woofimobile.com.br\/\"]}]}<\/script>\n<!-- \/ Yoast SEO plugin. -->","yoast_head_json":{"title":"eSIM - Woo-fi","robots":{"index":"index","follow":"follow","max-snippet":"max-snippet:-1","max-image-preview":"max-image-preview:large","max-video-preview":"max-video-preview:-1"},"canonical":"https:\/\/woo-fi.com\/es\/esim\/","og_locale":"es_ES","og_type":"article","og_title":"eSIM - Woo-fi","og_description":"eSIM eSIM conecta tus dispositivos IIoT y roaming al mundo con datos globales. Descubre el futuro del IoT y la itinerancia con la eSIM de Woofi. Nuestra tecnolog\u00eda ofrece una conectividad global sin interrupciones para sus clientes, lo que garantiza una experiencia perfecta. Cont\u00e1ctenos FAQ Preguntas m\u00e1s frecuentes Descubre todo lo que necesitas saber sobre [&hellip;]","og_url":"https:\/\/woo-fi.com\/es\/esim\/","og_site_name":"Woo-fi","article_publisher":"https:\/\/www.facebook.com\/woofimobile","article_modified_time":"2024-08-22T23:16:55+00:00","og_image":[{"url":"https:\/\/woofib2b.homolog.tech\/wp-content\/uploads\/2024\/08\/positive-emotions-close-up-young-good-looking-dark-skinned-male-with-afro-hairstyle-white-t-shirt-red-shirt-smiling-with-teeth-chatting-with-friend-smartphone-1024x1024.png"}],"twitter_card":"summary_large_image","twitter_misc":{"Tiempo de lectura":"2 minutos"},"schema":{"@context":"https:\/\/schema.org","@graph":[{"@type":"WebPage","@id":"https:\/\/woo-fi.com\/es\/esim\/","url":"https:\/\/woo-fi.com\/es\/esim\/","name":"eSIM - Woo-fi","isPartOf":{"@id":"https:\/\/woo-fi.com\/es\/#website"},"primaryImageOfPage":{"@id":"https:\/\/woo-fi.com\/es\/esim\/#primaryimage"},"image":{"@id":"https:\/\/woo-fi.com\/es\/esim\/#primaryimage"},"thumbnailUrl":"https:\/\/woofib2b.homolog.tech\/wp-content\/uploads\/2024\/08\/positive-emotions-close-up-young-good-looking-dark-skinned-male-with-afro-hairstyle-white-t-shirt-red-shirt-smiling-with-teeth-chatting-with-friend-smartphone-1024x1024.png","datePublished":"2024-07-29T19:47:12+00:00","dateModified":"2024-08-22T23:16:55+00:00","breadcrumb":{"@id":"https:\/\/woo-fi.com\/es\/esim\/#breadcrumb"},"inLanguage":"es","potentialAction":[{"@type":"ReadAction","target":["https:\/\/woo-fi.com\/es\/esim\/"]}]},{"@type":"ImageObject","inLanguage":"es","@id":"https:\/\/woo-fi.com\/es\/esim\/#primaryimage","url":"https:\/\/woofib2b.homolog.tech\/wp-content\/uploads\/2024\/08\/positive-emotions-close-up-young-good-looking-dark-skinned-male-with-afro-hairstyle-white-t-shirt-red-shirt-smiling-with-teeth-chatting-with-friend-smartphone-1024x1024.png","contentUrl":"https:\/\/woofib2b.homolog.tech\/wp-content\/uploads\/2024\/08\/positive-emotions-close-up-young-good-looking-dark-skinned-male-with-afro-hairstyle-white-t-shirt-red-shirt-smiling-with-teeth-chatting-with-friend-smartphone-1024x1024.png"},{"@type":"BreadcrumbList","@id":"https:\/\/woo-fi.com\/es\/esim\/#breadcrumb","itemListElement":[{"@type":"ListItem","position":1,"name":"In\u00edcio","item":"https:\/\/woo-fi.com\/es\/"},{"@type":"ListItem","position":2,"name":"eSIM"}]},{"@type":"WebSite","@id":"https:\/\/woo-fi.com\/es\/#website","url":"https:\/\/woo-fi.com\/es\/","name":"Woo-fi Bussines","description":"Plataforma Global de Conectividade M\u00f3vel","publisher":{"@id":"https:\/\/woo-fi.com\/es\/#organization"},"alternateName":"Woo-fi Bussines","potentialAction":[{"@type":"SearchAction","target":{"@type":"EntryPoint","urlTemplate":"https:\/\/woo-fi.com\/es\/?s={search_term_string}"},"query-input":"required name=search_term_string"}],"inLanguage":"es"},{"@type":"Organization","@id":"https:\/\/woo-fi.com\/es\/#organization","name":"Woofi Bussines","url":"https:\/\/woo-fi.com\/es\/","logo":{"@type":"ImageObject","inLanguage":"es","@id":"https:\/\/woo-fi.com\/es\/#\/schema\/logo\/image\/","url":"https:\/\/cdn.woo-fi.com\/wp-content\/uploads\/2023\/08\/Prancheta-1-copia-3-1.png?strip=all&lossy=1&ssl=1","contentUrl":"https:\/\/cdn.woo-fi.com\/wp-content\/uploads\/2023\/08\/Prancheta-1-copia-3-1.png?strip=all&lossy=1&ssl=1","width":1070,"height":345,"caption":"Woofi Bussines"},"image":{"@id":"https:\/\/woo-fi.com\/es\/#\/schema\/logo\/image\/"},"sameAs":["https:\/\/www.facebook.com\/woofimobile","https:\/\/www.instagram.com\/woofimobile.com.br\/"]}]}},"_links":{"self":[{"href":"https:\/\/woo-fi.com\/es\/wp-json\/wp\/v2\/pages\/9163","targetHints":{"allow":["GET"]}}],"collection":[{"href":"https:\/\/woo-fi.com\/es\/wp-json\/wp\/v2\/pages"}],"about":[{"href":"https:\/\/woo-fi.com\/es\/wp-json\/wp\/v2\/types\/page"}],"author":[{"embeddable":true,"href":"https:\/\/woo-fi.com\/es\/wp-json\/wp\/v2\/users\/4"}],"replies":[{"embeddable":true,"href":"https:\/\/woo-fi.com\/es\/wp-json\/wp\/v2\/comments?post=9163"}],"version-history":[{"count":20,"href":"https:\/\/woo-fi.com\/es\/wp-json\/wp\/v2\/pages\/9163\/revisions"}],"predecessor-version":[{"id":10024,"href":"https:\/\/woo-fi.com\/es\/wp-json\/wp\/v2\/pages\/9163\/revisions\/10024"}],"wp:attachment":[{"href":"https:\/\/woo-fi.com\/es\/wp-json\/wp\/v2\/media?parent=9163"}],"curies":[{"name":"wp","href":"https:\/\/api.w.org\/{rel}","templated":true}]}}