{"id":8580,"date":"2024-07-30T10:30:15","date_gmt":"2024-07-30T13:30:15","guid":{"rendered":"https:\/\/woofi-b2b.homolog.tech\/herramientas-de-gestion\/"},"modified":"2024-08-26T08:47:03","modified_gmt":"2024-08-26T11:47:03","slug":"herramientas-de-gestion","status":"publish","type":"page","link":"https:\/\/woo-fi.com\/es\/herramientas-de-gestion\/","title":{"rendered":"Herramientas de gesti\u00f3n"},"content":{"rendered":"\t\t<div data-elementor-type=\"wp-page\" data-elementor-id=\"8580\" class=\"elementor elementor-8580 elementor-7649\" data-elementor-post-type=\"page\">\n\t\t\t\t\t\t<section class=\"elementor-section elementor-top-section elementor-element elementor-element-9200bba elementor-section-boxed elementor-section-height-default elementor-section-height-default\" data-id=\"9200bba\" data-element_type=\"section\">\n\t\t\t\t\t\t<div class=\"elementor-container elementor-column-gap-default\">\n\t\t\t\t\t<div class=\"elementor-column elementor-col-100 elementor-top-column elementor-element elementor-element-b45142a\" data-id=\"b45142a\" data-element_type=\"column\">\n\t\t\t<div class=\"elementor-widget-wrap elementor-element-populated\">\n\t\t\t\t\t\t<section class=\"elementor-section elementor-inner-section elementor-element elementor-element-9454bb6 elementor-section-boxed elementor-section-height-default elementor-section-height-default\" data-id=\"9454bb6\" data-element_type=\"section\">\n\t\t\t\t\t\t<div class=\"elementor-container elementor-column-gap-default\">\n\t\t\t\t\t<div class=\"elementor-column elementor-col-100 elementor-inner-column elementor-element elementor-element-87b7914\" data-id=\"87b7914\" data-element_type=\"column\">\n\t\t\t<div class=\"elementor-widget-wrap elementor-element-populated\">\n\t\t\t\t\t\t<div class=\"elementor-element elementor-element-7eb1c6d elementor-widget elementor-widget-nioland-title-v1\" data-id=\"7eb1c6d\" data-element_type=\"widget\" data-widget_type=\"nioland-title-v1.default\">\n\t\t\t\t<div class=\"elementor-widget-container\">\n\t\t\t\r\n                    <div class=\"section_title type_one\">\r\n                                        <div class=\"title_whole position-relative\">\r\n                                            <h2 class=\"title\">\r\n                                                    \nGesti\u00f3n de herramientas                                                    <\/h2>\r\n                                     \r\n                <\/div>\r\n                                <\/div>\r\n                    \t\t<\/div>\n\t\t\t\t<\/div>\n\t\t\t\t\t<\/div>\n\t\t<\/div>\n\t\t\t\t\t<\/div>\n\t\t<\/section>\n\t\t\t\t<section class=\"elementor-section elementor-inner-section elementor-element elementor-element-fb8a053 elementor-section-full_width elementor-section-height-default elementor-section-height-default elementor-invisible\" data-id=\"fb8a053\" data-element_type=\"section\" data-settings=\"{&quot;animation&quot;:&quot;fadeIn&quot;}\">\n\t\t\t\t\t\t<div class=\"elementor-container elementor-column-gap-default\">\n\t\t\t\t\t<div class=\"elementor-column elementor-col-100 elementor-inner-column elementor-element elementor-element-43e9b01\" data-id=\"43e9b01\" data-element_type=\"column\">\n\t\t\t<div class=\"elementor-widget-wrap elementor-element-populated\">\n\t\t\t\t\t\t<div class=\"elementor-element elementor-element-17c2b13 elementor-widget elementor-widget-image\" data-id=\"17c2b13\" data-element_type=\"widget\" data-widget_type=\"image.default\">\n\t\t\t\t<div class=\"elementor-widget-container\">\n\t\t\t<style>\/*! elementor - v3.23.0 - 05-08-2024 *\/\n.elementor-widget-image{text-align:center}.elementor-widget-image a{display:inline-block}.elementor-widget-image a img[src$=\".svg\"]{width:48px}.elementor-widget-image img{vertical-align:middle;display:inline-block}<\/style>\t\t\t\t\t\t\t\t\t\t<img fetchpriority=\"high\" decoding=\"async\" width=\"3104\" height=\"1688\" src=\"https:\/\/i0.wp.com\/woo-fi.com\/wp-content\/uploads\/2024\/08\/Group-19-1.png?fit=3104%2C1688&amp;quality=80&amp;ssl=1\" class=\"attachment-full size-full wp-image-10151\" alt=\"\" srcset=\"https:\/\/i0.wp.com\/woo-fi.com\/wp-content\/uploads\/2024\/08\/Group-19-1.png?w=3104&amp;quality=80&amp;ssl=1 3104w, https:\/\/i0.wp.com\/woo-fi.com\/wp-content\/uploads\/2024\/08\/Group-19-1.png?resize=300%2C163&amp;quality=80&amp;ssl=1 300w, https:\/\/i0.wp.com\/woo-fi.com\/wp-content\/uploads\/2024\/08\/Group-19-1.png?resize=1024%2C557&amp;quality=80&amp;ssl=1 1024w, https:\/\/i0.wp.com\/woo-fi.com\/wp-content\/uploads\/2024\/08\/Group-19-1.png?resize=768%2C418&amp;quality=80&amp;ssl=1 768w, https:\/\/i0.wp.com\/woo-fi.com\/wp-content\/uploads\/2024\/08\/Group-19-1.png?resize=1536%2C835&amp;quality=80&amp;ssl=1 1536w, https:\/\/i0.wp.com\/woo-fi.com\/wp-content\/uploads\/2024\/08\/Group-19-1.png?resize=2048%2C1114&amp;quality=80&amp;ssl=1 2048w, https:\/\/i0.wp.com\/woo-fi.com\/wp-content\/uploads\/2024\/08\/Group-19-1.png?w=2160&amp;quality=80&amp;ssl=1 2160w\" sizes=\"(max-width: 1080px) 100vw, 1080px\" \/>\t\t\t\t\t\t\t\t\t\t\t\t\t<\/div>\n\t\t\t\t<\/div>\n\t\t\t\t\t<\/div>\n\t\t<\/div>\n\t\t\t\t\t<\/div>\n\t\t<\/section>\n\t\t\t\t\t<\/div>\n\t\t<\/div>\n\t\t\t\t\t<\/div>\n\t\t<\/section>\n\t\t\t\t<section class=\"elementor-section elementor-top-section elementor-element elementor-element-9c75b72 elementor-section-full_width elementor-section-height-default elementor-section-height-default\" data-id=\"9c75b72\" data-element_type=\"section\" data-settings=\"{&quot;background_background&quot;:&quot;classic&quot;}\">\n\t\t\t\t\t\t<div class=\"elementor-container elementor-column-gap-no\">\n\t\t\t\t\t<div class=\"elementor-column elementor-col-100 elementor-top-column elementor-element elementor-element-c9eb4eb\" data-id=\"c9eb4eb\" data-element_type=\"column\">\n\t\t\t<div class=\"elementor-widget-wrap elementor-element-populated\">\n\t\t\t\t\t\t<div class=\"elementor-element elementor-element-5b6fc81 elementor-widget elementor-widget-nioland-image-move-v1\" data-id=\"5b6fc81\" data-element_type=\"widget\" data-widget_type=\"nioland-image-move-v1.default\">\n\t\t\t\t<div class=\"elementor-widget-container\">\n\t\t\t   <div class=\"move_image_absolute pointer_none animate animate-none animate-duration- animate-delay-\">      \r\n                <img data-recalc-dims=\"1\" decoding=\"async\" src=\"https:\/\/i0.wp.com\/themepanthers.com\/nioland\/pages\/wp-content\/uploads\/2023\/08\/pattern-1.png?w=1080&#038;quality=80&#038;ssl=1\" class=\"class-fluid\" alt=\"alt\" \/>\r\n            <\/div>\r\n    \t\t<\/div>\n\t\t\t\t<\/div>\n\t\t\t\t\t<\/div>\n\t\t<\/div>\n\t\t\t\t\t<\/div>\n\t\t<\/section>\n\t\t\t\t<section class=\"elementor-section elementor-top-section elementor-element elementor-element-76cc0c1 elementor-section-boxed elementor-section-height-default elementor-section-height-default\" data-id=\"76cc0c1\" data-element_type=\"section\">\n\t\t\t\t\t\t<div class=\"elementor-container elementor-column-gap-default\">\n\t\t\t\t\t<div class=\"elementor-column elementor-col-100 elementor-top-column elementor-element elementor-element-fe0b8de\" data-id=\"fe0b8de\" data-element_type=\"column\">\n\t\t\t<div class=\"elementor-widget-wrap elementor-element-populated\">\n\t\t\t\t\t\t<section class=\"elementor-section elementor-inner-section elementor-element elementor-element-8c39b00 elementor-section-boxed elementor-section-height-default elementor-section-height-default\" data-id=\"8c39b00\" data-element_type=\"section\">\n\t\t\t\t\t\t<div class=\"elementor-container elementor-column-gap-default\">\n\t\t\t\t\t<div class=\"elementor-column elementor-col-100 elementor-inner-column elementor-element elementor-element-c9dfbb7\" data-id=\"c9dfbb7\" data-element_type=\"column\">\n\t\t\t<div class=\"elementor-widget-wrap elementor-element-populated\">\n\t\t\t\t\t\t<div class=\"elementor-element elementor-element-c755bb0 elementor-widget elementor-widget-nioland-title-v1\" data-id=\"c755bb0\" data-element_type=\"widget\" data-widget_type=\"nioland-title-v1.default\">\n\t\t\t\t<div class=\"elementor-widget-container\">\n\t\t\t\r\n                    <div class=\"section_title type_one\">\r\n                            <div class=\"overline-title\"> \n<\/div>\r\n                                        <div class=\"title_whole position-relative\">\r\n                                            <h2 class=\"title\">\r\n                                                    \nLa \u00fanica plataforma global de facturaci\u00f3n prepago                                                    <\/h2>\r\n                                     \r\n                <\/div>\r\n                                        <p class=\"lead\"> Obtenga control total sobre sus servicios de conectividad. La plataforma intuitiva de Woofi le permite facturar servicios f\u00e1cilmente, administrar clientes, monitorear eSIM y solucionar problemas en tiempo real. Con informes y an\u00e1lisis completos, puede tomar decisiones informadas, optimizar el rendimiento e impulsar el crecimiento empresarial.<\/p>\r\n                    <\/div>\r\n                    \t\t<\/div>\n\t\t\t\t<\/div>\n\t\t\t\t\t<\/div>\n\t\t<\/div>\n\t\t\t\t\t<\/div>\n\t\t<\/section>\n\t\t\t\t<section class=\"elementor-section elementor-inner-section elementor-element elementor-element-7c955ce elementor-section-full_width elementor-section-height-default elementor-section-height-default\" data-id=\"7c955ce\" data-element_type=\"section\">\n\t\t\t\t\t\t<div class=\"elementor-container elementor-column-gap-extended\">\n\t\t\t\t\t<div class=\"elementor-column elementor-col-100 elementor-inner-column elementor-element elementor-element-12911f5\" data-id=\"12911f5\" data-element_type=\"column\">\n\t\t\t<div class=\"elementor-widget-wrap elementor-element-populated\">\n\t\t\t\t\t\t<div class=\"elementor-element elementor-element-943885f elementor-widget elementor-widget-nioland-faqs-v1\" data-id=\"943885f\" data-element_type=\"widget\" data-widget_type=\"nioland-faqs-v1.default\">\n\t\t\t\t<div class=\"elementor-widget-container\">\n\t\t\t \r\n<section class=\"block_faq style_one border_bottom_disable\"> \r\n    <div class=\"accordion-box\">\r\n                <div class=\"accordion trans active-block\">\r\n            <div\r\n                class=\"question faq_header active\">\r\n                <div class=\"question_box \">\r\n                    <div class=\"title_no_a_20 trans\">\r\n                        \nFacturaci\u00f3n continua del servicio.                    <\/div>\r\n                    <span class=\"icon_fq trans  ni-arrow-down-circle\"><\/span>\r\n                <\/div>\r\n            <\/div>\r\n            <div\r\n                class=\"answer accordion-content current\">\r\n                \nLa plataforma de Woofi le brinda las herramientas para realizar un seguimiento de su uso y gasto de datos. Puede realizar un seguimiento eficiente del uso, administrar los ciclos de facturaci\u00f3n y generar facturas precisas para sus clientes. Nuestra plataforma simplifica el proceso de facturaci\u00f3n.            <\/div>\r\n        <\/div>\r\n                <div class=\"accordion trans\">\r\n            <div\r\n                class=\"question faq_header\">\r\n                <div class=\"question_box \">\r\n                    <div class=\"title_no_a_20 trans\">\r\n                        \nGesti\u00f3n de clientes                    <\/div>\r\n                    <span class=\"icon_fq trans  ni-arrow-down-circle\"><\/span>\r\n                <\/div>\r\n            <\/div>\r\n            <div\r\n                class=\"answer accordion-content\">\r\n                Nuestras funciones de administraci\u00f3n le permiten administrar m\u00faltiples clientes dentro de su ecosistema de manera eficiente. Configure y administre f\u00e1cilmente los servicios de conectividad, garantizando operaciones fluidas y una prestaci\u00f3n de servicios efectiva.\n            <\/div>\r\n        <\/div>\r\n                <div class=\"accordion trans\">\r\n            <div\r\n                class=\"question faq_header\">\r\n                <div class=\"question_box \">\r\n                    <div class=\"title_no_a_20 trans\">\r\n                        Monitoreo de dispositivos en tiempo real                    <\/div>\r\n                    <span class=\"icon_fq trans  ni-arrow-down-circle\"><\/span>\r\n                <\/div>\r\n            <\/div>\r\n            <div\r\n                class=\"answer accordion-content\">\r\n                \nSupervise las tarjetas SIM en tiempo real y obtenga informaci\u00f3n valiosa sobre su rendimiento y patrones de uso.            <\/div>\r\n        <\/div>\r\n                <div class=\"accordion trans\">\r\n            <div\r\n                class=\"question faq_header\">\r\n                <div class=\"question_box \">\r\n                    <div class=\"title_no_a_20 trans\">\r\n                        \nInformes y an\u00e1lisis                    <\/div>\r\n                    <span class=\"icon_fq trans  ni-arrow-down-circle\"><\/span>\r\n                <\/div>\r\n            <\/div>\r\n            <div\r\n                class=\"answer accordion-content\">\r\n                \nNuestra plataforma proporciona informes detallados sobre m\u00e9tricas de uso, facturaci\u00f3n y rendimiento, brind\u00e1ndole una visi\u00f3n integral de sus operaciones. Con estos conocimientos, puede optimizar la prestaci\u00f3n de servicios, identificar oportunidades de ahorro de costos e impulsar el crecimiento empresarial.            <\/div>\r\n        <\/div>\r\n                <div class=\"accordion trans\">\r\n            <div\r\n                class=\"question faq_header\">\r\n                <div class=\"question_box \">\r\n                    <div class=\"title_no_a_20 trans\">\r\n                        \nFlexibilidad y eficiencia                    <\/div>\r\n                    <span class=\"icon_fq trans  ni-arrow-down-circle\"><\/span>\r\n                <\/div>\r\n            <\/div>\r\n            <div\r\n                class=\"answer accordion-content\">\r\n                Las instalaciones de gesti\u00f3n de Telna ofrecen una flexibilidad inigualable, lo que le permite adaptar y escalar sus servicios a medida que crece su negocio. Ya sea que necesite agregar nuevos clientes, expandirse a nuevos mercados o ajustar planes de servicio, nuestra plataforma brinda la flexibilidad y eficiencia que necesita para satisfacer sus necesidades cambiantes.            <\/div>\r\n        <\/div>\r\n                <div class=\"accordion trans\">\r\n            <div\r\n                class=\"question faq_header\">\r\n                <div class=\"question_box \">\r\n                    <div class=\"title_no_a_20 trans\">\r\n                        Soporte 24 horas al d\u00eda, 7 d\u00edas a la semana y NOC                    <\/div>\r\n                    <span class=\"icon_fq trans ni-arrow-down-circle\"><\/span>\r\n                <\/div>\r\n            <\/div>\r\n            <div\r\n                class=\"answer accordion-content\">\r\n                \nUtilizando los servicios de gesti\u00f3n de Telna, simplifique sus operaciones con la garant\u00eda de un soporte constante            <\/div>\r\n        <\/div>\r\n            <\/div>\r\n<\/section> \r\n\r\n\r\n\t\t<\/div>\n\t\t\t\t<\/div>\n\t\t\t\t\t<\/div>\n\t\t<\/div>\n\t\t\t\t\t<\/div>\n\t\t<\/section>\n\t\t\t\t\t<\/div>\n\t\t<\/div>\n\t\t\t\t\t<\/div>\n\t\t<\/section>\n\t\t\t\t<\/div>\n\t\t","protected":false},"excerpt":{"rendered":"<p>Gesti\u00f3n de herramientas La \u00fanica plataforma global de facturaci\u00f3n prepago Obtenga control total sobre sus servicios de conectividad. La plataforma intuitiva de Woofi le permite facturar servicios f\u00e1cilmente, administrar clientes, monitorear eSIM y solucionar problemas en tiempo real. Con informes y an\u00e1lisis completos, puede tomar decisiones informadas, optimizar el rendimiento e impulsar el crecimiento empresarial. [&hellip;]<\/p>\n","protected":false},"author":4,"featured_media":0,"parent":0,"menu_order":0,"comment_status":"closed","ping_status":"closed","template":"template-homepage.php","meta":{"footnotes":""},"class_list":["post-8580","page","type-page","status-publish","hentry"],"yoast_head":"<!-- This site is optimized with the Yoast SEO plugin v23.3 - https:\/\/yoast.com\/wordpress\/plugins\/seo\/ -->\n<title>Herramientas de gesti\u00f3n - Woo-fi<\/title>\n<meta name=\"robots\" content=\"index, follow, max-snippet:-1, max-image-preview:large, max-video-preview:-1\" \/>\n<link rel=\"canonical\" href=\"https:\/\/woo-fi.com\/es\/herramientas-de-gestion\/\" \/>\n<meta property=\"og:locale\" content=\"es_ES\" \/>\n<meta property=\"og:type\" content=\"article\" \/>\n<meta property=\"og:title\" content=\"Herramientas de gesti\u00f3n - Woo-fi\" \/>\n<meta property=\"og:description\" content=\"Gesti\u00f3n de herramientas La \u00fanica plataforma global de facturaci\u00f3n prepago Obtenga control total sobre sus servicios de conectividad. La plataforma intuitiva de Woofi le permite facturar servicios f\u00e1cilmente, administrar clientes, monitorear eSIM y solucionar problemas en tiempo real. Con informes y an\u00e1lisis completos, puede tomar decisiones informadas, optimizar el rendimiento e impulsar el crecimiento empresarial. [&hellip;]\" \/>\n<meta property=\"og:url\" content=\"https:\/\/woo-fi.com\/es\/herramientas-de-gestion\/\" \/>\n<meta property=\"og:site_name\" content=\"Woo-fi\" \/>\n<meta property=\"article:publisher\" content=\"https:\/\/www.facebook.com\/woofimobile\" \/>\n<meta property=\"article:modified_time\" content=\"2024-08-26T11:47:03+00:00\" \/>\n<meta property=\"og:image\" content=\"https:\/\/woofib2b.homolog.tech\/wp-content\/uploads\/2024\/08\/Group-19-1.png\" \/>\n<meta name=\"twitter:card\" content=\"summary_large_image\" \/>\n<meta name=\"twitter:label1\" content=\"Tiempo de lectura\" \/>\n\t<meta name=\"twitter:data1\" content=\"2 minutos\" \/>\n<script type=\"application\/ld+json\" class=\"yoast-schema-graph\">{\"@context\":\"https:\/\/schema.org\",\"@graph\":[{\"@type\":\"WebPage\",\"@id\":\"https:\/\/woo-fi.com\/es\/herramientas-de-gestion\/\",\"url\":\"https:\/\/woo-fi.com\/es\/herramientas-de-gestion\/\",\"name\":\"Herramientas de gesti\u00f3n - Woo-fi\",\"isPartOf\":{\"@id\":\"https:\/\/woo-fi.com\/es\/#website\"},\"primaryImageOfPage\":{\"@id\":\"https:\/\/woo-fi.com\/es\/herramientas-de-gestion\/#primaryimage\"},\"image\":{\"@id\":\"https:\/\/woo-fi.com\/es\/herramientas-de-gestion\/#primaryimage\"},\"thumbnailUrl\":\"https:\/\/woofib2b.homolog.tech\/wp-content\/uploads\/2024\/08\/Group-19-1.png\",\"datePublished\":\"2024-07-30T13:30:15+00:00\",\"dateModified\":\"2024-08-26T11:47:03+00:00\",\"breadcrumb\":{\"@id\":\"https:\/\/woo-fi.com\/es\/herramientas-de-gestion\/#breadcrumb\"},\"inLanguage\":\"es\",\"potentialAction\":[{\"@type\":\"ReadAction\",\"target\":[\"https:\/\/woo-fi.com\/es\/herramientas-de-gestion\/\"]}]},{\"@type\":\"ImageObject\",\"inLanguage\":\"es\",\"@id\":\"https:\/\/woo-fi.com\/es\/herramientas-de-gestion\/#primaryimage\",\"url\":\"https:\/\/woofib2b.homolog.tech\/wp-content\/uploads\/2024\/08\/Group-19-1.png\",\"contentUrl\":\"https:\/\/woofib2b.homolog.tech\/wp-content\/uploads\/2024\/08\/Group-19-1.png\"},{\"@type\":\"BreadcrumbList\",\"@id\":\"https:\/\/woo-fi.com\/es\/herramientas-de-gestion\/#breadcrumb\",\"itemListElement\":[{\"@type\":\"ListItem\",\"position\":1,\"name\":\"In\u00edcio\",\"item\":\"https:\/\/woo-fi.com\/es\/\"},{\"@type\":\"ListItem\",\"position\":2,\"name\":\"Herramientas de gesti\u00f3n\"}]},{\"@type\":\"WebSite\",\"@id\":\"https:\/\/woo-fi.com\/es\/#website\",\"url\":\"https:\/\/woo-fi.com\/es\/\",\"name\":\"Woo-fi Bussines\",\"description\":\"Plataforma Global de Conectividade M\u00f3vel\",\"publisher\":{\"@id\":\"https:\/\/woo-fi.com\/es\/#organization\"},\"alternateName\":\"Woo-fi Bussines\",\"potentialAction\":[{\"@type\":\"SearchAction\",\"target\":{\"@type\":\"EntryPoint\",\"urlTemplate\":\"https:\/\/woo-fi.com\/es\/?s={search_term_string}\"},\"query-input\":\"required name=search_term_string\"}],\"inLanguage\":\"es\"},{\"@type\":\"Organization\",\"@id\":\"https:\/\/woo-fi.com\/es\/#organization\",\"name\":\"Woofi Bussines\",\"url\":\"https:\/\/woo-fi.com\/es\/\",\"logo\":{\"@type\":\"ImageObject\",\"inLanguage\":\"es\",\"@id\":\"https:\/\/woo-fi.com\/es\/#\/schema\/logo\/image\/\",\"url\":\"https:\/\/cdn.woo-fi.com\/wp-content\/uploads\/2023\/08\/Prancheta-1-copia-3-1.png?strip=all&lossy=1&ssl=1\",\"contentUrl\":\"https:\/\/cdn.woo-fi.com\/wp-content\/uploads\/2023\/08\/Prancheta-1-copia-3-1.png?strip=all&lossy=1&ssl=1\",\"width\":1070,\"height\":345,\"caption\":\"Woofi Bussines\"},\"image\":{\"@id\":\"https:\/\/woo-fi.com\/es\/#\/schema\/logo\/image\/\"},\"sameAs\":[\"https:\/\/www.facebook.com\/woofimobile\",\"https:\/\/www.instagram.com\/woofimobile.com.br\/\"]}]}<\/script>\n<!-- \/ Yoast SEO plugin. -->","yoast_head_json":{"title":"Herramientas de gesti\u00f3n - Woo-fi","robots":{"index":"index","follow":"follow","max-snippet":"max-snippet:-1","max-image-preview":"max-image-preview:large","max-video-preview":"max-video-preview:-1"},"canonical":"https:\/\/woo-fi.com\/es\/herramientas-de-gestion\/","og_locale":"es_ES","og_type":"article","og_title":"Herramientas de gesti\u00f3n - Woo-fi","og_description":"Gesti\u00f3n de herramientas La \u00fanica plataforma global de facturaci\u00f3n prepago Obtenga control total sobre sus servicios de conectividad. La plataforma intuitiva de Woofi le permite facturar servicios f\u00e1cilmente, administrar clientes, monitorear eSIM y solucionar problemas en tiempo real. Con informes y an\u00e1lisis completos, puede tomar decisiones informadas, optimizar el rendimiento e impulsar el crecimiento empresarial. [&hellip;]","og_url":"https:\/\/woo-fi.com\/es\/herramientas-de-gestion\/","og_site_name":"Woo-fi","article_publisher":"https:\/\/www.facebook.com\/woofimobile","article_modified_time":"2024-08-26T11:47:03+00:00","og_image":[{"url":"https:\/\/woofib2b.homolog.tech\/wp-content\/uploads\/2024\/08\/Group-19-1.png"}],"twitter_card":"summary_large_image","twitter_misc":{"Tiempo de lectura":"2 minutos"},"schema":{"@context":"https:\/\/schema.org","@graph":[{"@type":"WebPage","@id":"https:\/\/woo-fi.com\/es\/herramientas-de-gestion\/","url":"https:\/\/woo-fi.com\/es\/herramientas-de-gestion\/","name":"Herramientas de gesti\u00f3n - Woo-fi","isPartOf":{"@id":"https:\/\/woo-fi.com\/es\/#website"},"primaryImageOfPage":{"@id":"https:\/\/woo-fi.com\/es\/herramientas-de-gestion\/#primaryimage"},"image":{"@id":"https:\/\/woo-fi.com\/es\/herramientas-de-gestion\/#primaryimage"},"thumbnailUrl":"https:\/\/woofib2b.homolog.tech\/wp-content\/uploads\/2024\/08\/Group-19-1.png","datePublished":"2024-07-30T13:30:15+00:00","dateModified":"2024-08-26T11:47:03+00:00","breadcrumb":{"@id":"https:\/\/woo-fi.com\/es\/herramientas-de-gestion\/#breadcrumb"},"inLanguage":"es","potentialAction":[{"@type":"ReadAction","target":["https:\/\/woo-fi.com\/es\/herramientas-de-gestion\/"]}]},{"@type":"ImageObject","inLanguage":"es","@id":"https:\/\/woo-fi.com\/es\/herramientas-de-gestion\/#primaryimage","url":"https:\/\/woofib2b.homolog.tech\/wp-content\/uploads\/2024\/08\/Group-19-1.png","contentUrl":"https:\/\/woofib2b.homolog.tech\/wp-content\/uploads\/2024\/08\/Group-19-1.png"},{"@type":"BreadcrumbList","@id":"https:\/\/woo-fi.com\/es\/herramientas-de-gestion\/#breadcrumb","itemListElement":[{"@type":"ListItem","position":1,"name":"In\u00edcio","item":"https:\/\/woo-fi.com\/es\/"},{"@type":"ListItem","position":2,"name":"Herramientas de gesti\u00f3n"}]},{"@type":"WebSite","@id":"https:\/\/woo-fi.com\/es\/#website","url":"https:\/\/woo-fi.com\/es\/","name":"Woo-fi Bussines","description":"Plataforma Global de Conectividade M\u00f3vel","publisher":{"@id":"https:\/\/woo-fi.com\/es\/#organization"},"alternateName":"Woo-fi Bussines","potentialAction":[{"@type":"SearchAction","target":{"@type":"EntryPoint","urlTemplate":"https:\/\/woo-fi.com\/es\/?s={search_term_string}"},"query-input":"required name=search_term_string"}],"inLanguage":"es"},{"@type":"Organization","@id":"https:\/\/woo-fi.com\/es\/#organization","name":"Woofi Bussines","url":"https:\/\/woo-fi.com\/es\/","logo":{"@type":"ImageObject","inLanguage":"es","@id":"https:\/\/woo-fi.com\/es\/#\/schema\/logo\/image\/","url":"https:\/\/cdn.woo-fi.com\/wp-content\/uploads\/2023\/08\/Prancheta-1-copia-3-1.png?strip=all&lossy=1&ssl=1","contentUrl":"https:\/\/cdn.woo-fi.com\/wp-content\/uploads\/2023\/08\/Prancheta-1-copia-3-1.png?strip=all&lossy=1&ssl=1","width":1070,"height":345,"caption":"Woofi Bussines"},"image":{"@id":"https:\/\/woo-fi.com\/es\/#\/schema\/logo\/image\/"},"sameAs":["https:\/\/www.facebook.com\/woofimobile","https:\/\/www.instagram.com\/woofimobile.com.br\/"]}]}},"_links":{"self":[{"href":"https:\/\/woo-fi.com\/es\/wp-json\/wp\/v2\/pages\/8580","targetHints":{"allow":["GET"]}}],"collection":[{"href":"https:\/\/woo-fi.com\/es\/wp-json\/wp\/v2\/pages"}],"about":[{"href":"https:\/\/woo-fi.com\/es\/wp-json\/wp\/v2\/types\/page"}],"author":[{"embeddable":true,"href":"https:\/\/woo-fi.com\/es\/wp-json\/wp\/v2\/users\/4"}],"replies":[{"embeddable":true,"href":"https:\/\/woo-fi.com\/es\/wp-json\/wp\/v2\/comments?post=8580"}],"version-history":[{"count":11,"href":"https:\/\/woo-fi.com\/es\/wp-json\/wp\/v2\/pages\/8580\/revisions"}],"predecessor-version":[{"id":10157,"href":"https:\/\/woo-fi.com\/es\/wp-json\/wp\/v2\/pages\/8580\/revisions\/10157"}],"wp:attachment":[{"href":"https:\/\/woo-fi.com\/es\/wp-json\/wp\/v2\/media?parent=8580"}],"curies":[{"name":"wp","href":"https:\/\/api.w.org\/{rel}","templated":true}]}}